{"id":1263,"date":"2022-09-23T09:49:14","date_gmt":"2022-09-23T07:49:14","guid":{"rendered":"https:\/\/zikmundovavila.cz\/prohlidka-vily\/"},"modified":"2023-06-28T12:46:49","modified_gmt":"2023-06-28T10:46:49","slug":"tour-of-the-villa","status":"publish","type":"page","link":"https:\/\/zikmundovavila.cz\/en\/tour-of-the-villa","title":{"rendered":"Tour of the villa"},"content":{"rendered":"","protected":false},"excerpt":{"rendered":"","protected":false},"author":1,"featured_media":0,"parent":0,"menu_order":0,"comment_status":"closed","ping_status":"closed","template":"templates\/prohlidka.php","meta":{"inline_featured_image":false,"footnotes":""},"acf":[],"yoast_head":"<!-- This site is optimized with the Yoast SEO plugin v21.3 - https:\/\/yoast.com\/wordpress\/plugins\/seo\/ -->\n<title>Tour of the villa | Zikmundova vila<\/title>\n<meta name=\"robots\" content=\"index, follow, max-snippet:-1, max-image-preview:large, max-video-preview:-1\" \/>\n<link rel=\"canonical\" href=\"https:\/\/zikmundovavila.cz\/en\/tour-of-the-villa\" \/>\n<meta property=\"og:locale\" content=\"en_US\" \/>\n<meta property=\"og:type\" content=\"article\" \/>\n<meta property=\"og:title\" content=\"Tour of the villa | Zikmundova vila\" \/>\n<meta property=\"og:url\" content=\"https:\/\/zikmundovavila.cz\/en\/tour-of-the-villa\" \/>\n<meta property=\"og:site_name\" content=\"Zikmundova vila\" \/>\n<meta property=\"article:modified_time\" content=\"2023-06-28T10:46:49+00:00\" \/>\n<meta name=\"twitter:card\" content=\"summary_large_image\" \/>\n<script type=\"application\/ld+json\" class=\"yoast-schema-graph\">{\"@context\":\"https:\/\/schema.org\",\"@graph\":[{\"@type\":\"WebPage\",\"@id\":\"https:\/\/zikmundovavila.cz\/en\/tour-of-the-villa\",\"url\":\"https:\/\/zikmundovavila.cz\/en\/tour-of-the-villa\",\"name\":\"Tour of the villa | Zikmundova vila\",\"isPartOf\":{\"@id\":\"https:\/\/zikmundovavila.cz\/en#website\"},\"datePublished\":\"2022-09-23T07:49:14+00:00\",\"dateModified\":\"2023-06-28T10:46:49+00:00\",\"breadcrumb\":{\"@id\":\"https:\/\/zikmundovavila.cz\/en\/tour-of-the-villa#breadcrumb\"},\"inLanguage\":\"en-US\",\"potentialAction\":[{\"@type\":\"ReadAction\",\"target\":[\"https:\/\/zikmundovavila.cz\/en\/tour-of-the-villa\"]}]},{\"@type\":\"BreadcrumbList\",\"@id\":\"https:\/\/zikmundovavila.cz\/en\/tour-of-the-villa#breadcrumb\",\"itemListElement\":[{\"@type\":\"ListItem\",\"position\":1,\"name\":\"Dom\u016f\",\"item\":\"https:\/\/zikmundovavila.cz\/en\"},{\"@type\":\"ListItem\",\"position\":2,\"name\":\"Tour of the villa\"}]},{\"@type\":\"WebSite\",\"@id\":\"https:\/\/zikmundovavila.cz\/en#website\",\"url\":\"https:\/\/zikmundovavila.cz\/en\",\"name\":\"Zikmundova vila\",\"description\":\"D\u016fm, ve kter\u00e9m potk\u00e1te cel\u00fd sv\u011bt.\",\"publisher\":{\"@id\":\"https:\/\/zikmundovavila.cz\/en#organization\"},\"potentialAction\":[{\"@type\":\"SearchAction\",\"target\":{\"@type\":\"EntryPoint\",\"urlTemplate\":\"https:\/\/zikmundovavila.cz\/en?s={search_term_string}\"},\"query-input\":\"required name=search_term_string\"}],\"inLanguage\":\"en-US\"},{\"@type\":\"Organization\",\"@id\":\"https:\/\/zikmundovavila.cz\/en#organization\",\"name\":\"Zikmundova vila\",\"url\":\"https:\/\/zikmundovavila.cz\/en\",\"logo\":{\"@type\":\"ImageObject\",\"inLanguage\":\"en-US\",\"@id\":\"https:\/\/zikmundovavila.cz\/en#\/schema\/logo\/image\/\",\"url\":\"https:\/\/zikmundovavila.cz\/wp-content\/uploads\/2022\/09\/logo-2.svg\",\"contentUrl\":\"https:\/\/zikmundovavila.cz\/wp-content\/uploads\/2022\/09\/logo-2.svg\",\"width\":259,\"height\":80,\"caption\":\"Zikmundova vila\"},\"image\":{\"@id\":\"https:\/\/zikmundovavila.cz\/en#\/schema\/logo\/image\/\"}}]}<\/script>\n<!-- \/ Yoast SEO plugin. -->","yoast_head_json":{"title":"Tour of the villa | Zikmundova vila","robots":{"index":"index","follow":"follow","max-snippet":"max-snippet:-1","max-image-preview":"max-image-preview:large","max-video-preview":"max-video-preview:-1"},"canonical":"https:\/\/zikmundovavila.cz\/en\/tour-of-the-villa","og_locale":"en_US","og_type":"article","og_title":"Tour of the villa | Zikmundova vila","og_url":"https:\/\/zikmundovavila.cz\/en\/tour-of-the-villa","og_site_name":"Zikmundova vila","article_modified_time":"2023-06-28T10:46:49+00:00","twitter_card":"summary_large_image","schema":{"@context":"https:\/\/schema.org","@graph":[{"@type":"WebPage","@id":"https:\/\/zikmundovavila.cz\/en\/tour-of-the-villa","url":"https:\/\/zikmundovavila.cz\/en\/tour-of-the-villa","name":"Tour of the villa | Zikmundova vila","isPartOf":{"@id":"https:\/\/zikmundovavila.cz\/en#website"},"datePublished":"2022-09-23T07:49:14+00:00","dateModified":"2023-06-28T10:46:49+00:00","breadcrumb":{"@id":"https:\/\/zikmundovavila.cz\/en\/tour-of-the-villa#breadcrumb"},"inLanguage":"en-US","potentialAction":[{"@type":"ReadAction","target":["https:\/\/zikmundovavila.cz\/en\/tour-of-the-villa"]}]},{"@type":"BreadcrumbList","@id":"https:\/\/zikmundovavila.cz\/en\/tour-of-the-villa#breadcrumb","itemListElement":[{"@type":"ListItem","position":1,"name":"Dom\u016f","item":"https:\/\/zikmundovavila.cz\/en"},{"@type":"ListItem","position":2,"name":"Tour of the villa"}]},{"@type":"WebSite","@id":"https:\/\/zikmundovavila.cz\/en#website","url":"https:\/\/zikmundovavila.cz\/en","name":"Zikmundova vila","description":"D\u016fm, ve kter\u00e9m potk\u00e1te cel\u00fd sv\u011bt.","publisher":{"@id":"https:\/\/zikmundovavila.cz\/en#organization"},"potentialAction":[{"@type":"SearchAction","target":{"@type":"EntryPoint","urlTemplate":"https:\/\/zikmundovavila.cz\/en?s={search_term_string}"},"query-input":"required name=search_term_string"}],"inLanguage":"en-US"},{"@type":"Organization","@id":"https:\/\/zikmundovavila.cz\/en#organization","name":"Zikmundova vila","url":"https:\/\/zikmundovavila.cz\/en","logo":{"@type":"ImageObject","inLanguage":"en-US","@id":"https:\/\/zikmundovavila.cz\/en#\/schema\/logo\/image\/","url":"https:\/\/zikmundovavila.cz\/wp-content\/uploads\/2022\/09\/logo-2.svg","contentUrl":"https:\/\/zikmundovavila.cz\/wp-content\/uploads\/2022\/09\/logo-2.svg","width":259,"height":80,"caption":"Zikmundova vila"},"image":{"@id":"https:\/\/zikmundovavila.cz\/en#\/schema\/logo\/image\/"}}]}},"_links":{"self":[{"href":"https:\/\/zikmundovavila.cz\/en\/wp-json\/wp\/v2\/pages\/1263"}],"collection":[{"href":"https:\/\/zikmundovavila.cz\/en\/wp-json\/wp\/v2\/pages"}],"about":[{"href":"https:\/\/zikmundovavila.cz\/en\/wp-json\/wp\/v2\/types\/page"}],"author":[{"embeddable":true,"href":"https:\/\/zikmundovavila.cz\/en\/wp-json\/wp\/v2\/users\/1"}],"replies":[{"embeddable":true,"href":"https:\/\/zikmundovavila.cz\/en\/wp-json\/wp\/v2\/comments?post=1263"}],"version-history":[{"count":6,"href":"https:\/\/zikmundovavila.cz\/en\/wp-json\/wp\/v2\/pages\/1263\/revisions"}],"predecessor-version":[{"id":2240,"href":"https:\/\/zikmundovavila.cz\/en\/wp-json\/wp\/v2\/pages\/1263\/revisions\/2240"}],"wp:attachment":[{"href":"https:\/\/zikmundovavila.cz\/en\/wp-json\/wp\/v2\/media?parent=1263"}],"curies":[{"name":"wp","href":"https:\/\/api.w.org\/{rel}","templated":true}]}}